{"id":4520,"date":"2026-01-03T23:28:33","date_gmt":"2026-01-03T23:28:33","guid":{"rendered":"https:\/\/mayorista.amuleto.com.ar\/?post_type=product&#038;p=4520"},"modified":"2026-03-20T13:35:52","modified_gmt":"2026-03-20T13:35:52","slug":"neceser-m-arconia-blue","status":"publish","type":"product","link":"https:\/\/mayorista.amuleto.com.ar\/index.php\/product\/neceser-m-arconia-blue\/","title":{"rendered":"Neceser M ARCONIA BLUE"},"content":{"rendered":"<p>Los productos AMULETO se caracterizan por sus estampas, dise\u00f1adas exclusivamente por nosotros y que le dan valor a nuestra marca gracias al proceso de sublimaci\u00f3n y calandrado.<\/p>\n<p>Un AMULETO es un elemento que una persona atesora y que suele llevar consigo, ya que brinda protecci\u00f3n y buena suerte. Los AMULETOS funcionan por superstici\u00f3n, las personas creemos en ellos m\u00e1s all\u00e1 de lo que diga la raz\u00f3n o la ciencia.<\/p>\n<p>Nuestros productos son objetos para atesorar, solemos llevarlo con nosotras y terminan teniendo alguna particularidad por la que nos aferramos a ellos.<\/p>\n<p>&nbsp;<\/p>\n<p><strong>CAPACIDAD<br \/>\n<\/strong>PODES USARLO DE CARTUCHERA, PARA LLEVAR AL TRABAJO O A LA FACULTAD, O DE PORTACOSM\u00c9TICO. VAN A ENTRARTE UN MONT\u00d3N DE MAQUILLAJES O CREMAS. TAMBI\u00c9N PODES UTILIZARLO COMO ORGANIZADOR PARA TUS CARTERAS O VALIJAS.<\/p>\n<p><strong>COMPOSICI\u00d3N<br \/>\n<\/strong>CORDURA ESTAMPADA Y SILVER. 100% POLI\u00c9STER.<br \/>\nCIERRES DIENTE DE PERRO NEGRO.<\/p>\n<p><strong>CONSEJOS DE CUIDADO<br \/>\n<\/strong>SE PUEDEN LAVAR CON JAB\u00d3N NEUTRO A MANO O EN EL LAVARROPAS, PERO SIN DEJAR EN REMOJO.<br \/>\nDEJAR SECAR AL AIRE LIBRE, NO USAR SECARROPA NI ESCURRIR.<\/p>\n<p>&nbsp;<\/p>\n","protected":false},"excerpt":{"rendered":"<p>&nbsp;<\/p>\n<p><strong>DIMENSIONES<br \/>\n<\/strong>Alto: 12.5 cm<br \/>\nAncho: 20 cm<br \/>\nProfundidad: 7 cm<\/p>\n<p>&nbsp;<\/p>\n","protected":false},"featured_media":4488,"comment_status":"open","ping_status":"closed","template":"","meta":{"_monsterinsights_skip_tracking":false,"_monsterinsights_sitenote_active":false,"_monsterinsights_sitenote_note":"","_monsterinsights_sitenote_category":0,"site-sidebar-layout":"default","site-content-layout":"default","ast-main-header-display":"","ast-hfb-above-header-display":"","ast-hfb-below-header-display":"","ast-hfb-mobile-header-display":"","site-post-title":"","ast-breadcrumbs-content":"","ast-featured-img":"","footer-sml-layout":"","theme-transparent-header-meta":"default","adv-header-id-meta":"","stick-header-meta":"","header-above-stick-meta":"","header-main-stick-meta":"","header-below-stick-meta":"","spay_email":"","jetpack_publicize_message":"","jetpack_is_tweetstorm":false,"jetpack_publicize_feature_enabled":true},"product_cat":[26],"product_tag":[130,74],"class_list":["post-4520","product","type-product","status-publish","has-post-thumbnail","hentry","product_cat-neceser","product_tag-arconia-blue","product_tag-neceser-m"],"aioseo_notices":[],"_links":{"self":[{"href":"https:\/\/mayorista.amuleto.com.ar\/index.php\/wp-json\/wp\/v2\/product\/4520","targetHints":{"allow":["GET"]}}],"collection":[{"href":"https:\/\/mayorista.amuleto.com.ar\/index.php\/wp-json\/wp\/v2\/product"}],"about":[{"href":"https:\/\/mayorista.amuleto.com.ar\/index.php\/wp-json\/wp\/v2\/types\/product"}],"replies":[{"embeddable":true,"href":"https:\/\/mayorista.amuleto.com.ar\/index.php\/wp-json\/wp\/v2\/comments?post=4520"}],"wp:featuredmedia":[{"embeddable":true,"href":"https:\/\/mayorista.amuleto.com.ar\/index.php\/wp-json\/wp\/v2\/media\/4488"}],"wp:attachment":[{"href":"https:\/\/mayorista.amuleto.com.ar\/index.php\/wp-json\/wp\/v2\/media?parent=4520"}],"wp:term":[{"taxonomy":"product_cat","embeddable":true,"href":"https:\/\/mayorista.amuleto.com.ar\/index.php\/wp-json\/wp\/v2\/product_cat?post=4520"},{"taxonomy":"product_tag","embeddable":true,"href":"https:\/\/mayorista.amuleto.com.ar\/index.php\/wp-json\/wp\/v2\/product_tag?post=4520"}],"curies":[{"name":"wp","href":"https:\/\/api.w.org\/{rel}","templated":true}]}}