{"id":4217,"date":"2025-06-11T15:21:21","date_gmt":"2025-06-11T15:21:21","guid":{"rendered":"https:\/\/mayorista.amuleto.com.ar\/?post_type=product&#038;p=4217"},"modified":"2026-03-20T01:58:22","modified_gmt":"2026-03-20T01:58:22","slug":"shoulder-bag-arconia","status":"publish","type":"product","link":"https:\/\/mayorista.amuleto.com.ar\/index.php\/product\/shoulder-bag-arconia\/","title":{"rendered":"Shoulder Bag ARCONIA"},"content":{"rendered":"<p>Los productos AMULETO se caracterizan por su dise\u00f1o, creados exclusivamente por nosotros y pensados para acompa\u00f1arte en tu d\u00eda a d\u00eda.<\/p>\n<p>Un AMULETO es un elemento que una persona atesora y que suele llevar consigo, ya que brinda protecci\u00f3n y buena suerte. Los AMULETOS funcionan por superstici\u00f3n, las personas creemos en ellos m\u00e1s all\u00e1 de lo que diga la raz\u00f3n o la ciencia.<\/p>\n<p>Nuestros productos son objetos para atesorar, solemos llevarlo con nosotras y terminan teniendo alguna particularidad por la que nos aferramos a ellos.<\/p>\n<p>&nbsp;<\/p>\n<p><strong>CAPACIDAD<br \/>\n<\/strong>LA SHOULDER BAG ES MUY AMPLIA EN SU INTERIOR. CUENTA CON UN MEGA COMPARTIMIENTO EN DONDE PODES LLEVAR UNA BOTELLA DE 500ml, UNA AGENDA, BILLETERA GRANDE O LENTES. ADENTRO TIENE UN BOLSILLO CON CIERRE DONDE PODES GUARDAR HASTA TU CELULAR, Y DOS BOLSILLOS PEQUE\u00d1OS PARA GUARDAR LLAVES.<\/p>\n<p><strong>COMPOSICI\u00d3N<br \/>\n<\/strong>CORDURA ESTAMPADA Y SILVER NEGRO. 100% POLI\u00c9STER.<br \/>\nCIERRES YKK. CINTA REFORZADA A TONO.<\/p>\n<p><strong>CONSEJOS DE CUIDADO<\/strong><br \/>\nSE PUEDEN LAVAR CON JAB\u00d3N NEUTRO A MANO, PERO SIN DEJAR EN REMOJO.<br \/>\nDEJAR SECAR AL AIRE LIBRE, NO USAR SECARROPA NI ESCURRIR.<\/p>\n<p>&nbsp;<\/p>\n","protected":false},"excerpt":{"rendered":"<p>&nbsp;<\/p>\n<p><strong>DIMENSIONES<br \/>\n<\/strong>Alto: 19 cm<br \/>\nAncho: 29 cm<br \/>\nProfundidad: 10 cm<\/p>\n<p>&nbsp;<\/p>\n","protected":false},"featured_media":4268,"comment_status":"open","ping_status":"closed","template":"","meta":{"_monsterinsights_skip_tracking":false,"_monsterinsights_sitenote_active":false,"_monsterinsights_sitenote_note":"","_monsterinsights_sitenote_category":0,"site-sidebar-layout":"default","site-content-layout":"default","ast-main-header-display":"","ast-hfb-above-header-display":"","ast-hfb-below-header-display":"","ast-hfb-mobile-header-display":"","site-post-title":"","ast-breadcrumbs-content":"","ast-featured-img":"","footer-sml-layout":"","theme-transparent-header-meta":"default","adv-header-id-meta":"","stick-header-meta":"","header-above-stick-meta":"","header-main-stick-meta":"","header-below-stick-meta":"","spay_email":"","jetpack_publicize_message":"","jetpack_is_tweetstorm":false,"jetpack_publicize_feature_enabled":true},"product_cat":[30,29,23,134],"product_tag":[110,117],"class_list":["post-4217","product","type-product","status-publish","has-post-thumbnail","hentry","product_cat-bandoleras","product_cat-rinoneras","product_cat-rinoneras-y-bandoleras","product_cat-shoulder-bag","product_tag-arconia","product_tag-shoulder-bag"],"aioseo_notices":[],"_links":{"self":[{"href":"https:\/\/mayorista.amuleto.com.ar\/index.php\/wp-json\/wp\/v2\/product\/4217","targetHints":{"allow":["GET"]}}],"collection":[{"href":"https:\/\/mayorista.amuleto.com.ar\/index.php\/wp-json\/wp\/v2\/product"}],"about":[{"href":"https:\/\/mayorista.amuleto.com.ar\/index.php\/wp-json\/wp\/v2\/types\/product"}],"replies":[{"embeddable":true,"href":"https:\/\/mayorista.amuleto.com.ar\/index.php\/wp-json\/wp\/v2\/comments?post=4217"}],"wp:featuredmedia":[{"embeddable":true,"href":"https:\/\/mayorista.amuleto.com.ar\/index.php\/wp-json\/wp\/v2\/media\/4268"}],"wp:attachment":[{"href":"https:\/\/mayorista.amuleto.com.ar\/index.php\/wp-json\/wp\/v2\/media?parent=4217"}],"wp:term":[{"taxonomy":"product_cat","embeddable":true,"href":"https:\/\/mayorista.amuleto.com.ar\/index.php\/wp-json\/wp\/v2\/product_cat?post=4217"},{"taxonomy":"product_tag","embeddable":true,"href":"https:\/\/mayorista.amuleto.com.ar\/index.php\/wp-json\/wp\/v2\/product_tag?post=4217"}],"curies":[{"name":"wp","href":"https:\/\/api.w.org\/{rel}","templated":true}]}}