{"id":4153,"date":"2025-04-30T18:18:18","date_gmt":"2025-04-30T18:18:18","guid":{"rendered":"https:\/\/mayorista.amuleto.com.ar\/?post_type=product&#038;p=4153"},"modified":"2026-03-20T01:37:50","modified_gmt":"2026-03-20T01:37:50","slug":"mochila-m-hortensias","status":"publish","type":"product","link":"https:\/\/mayorista.amuleto.com.ar\/index.php\/product\/mochila-m-hortensias\/","title":{"rendered":"Mochila M HORTENSIAS"},"content":{"rendered":"<p>Los productos AMULETO se caracterizan por sus estampas, dise\u00f1adas exclusivamente por nosotros y que le dan valor a nuestra marca gracias al proceso de sublimaci\u00f3n y calandrado.<\/p>\n<p>Un AMULETO es un elemento que una persona atesora y que suele llevar consigo, ya que brinda protecci\u00f3n y buena suerte. Los AMULETOS funcionan por superstici\u00f3n, las personas creemos en ellos m\u00e1s all\u00e1 de lo que diga la raz\u00f3n o la ciencia.<\/p>\n<p>Nuestros productos son objetos para atesorar, solemos llevarlo con nosotras y terminan teniendo alguna particularidad por la que nos aferramos a ellos.<\/p>\n<p>&nbsp;<\/p>\n<p><strong>CAPACIDAD<br \/>\n<\/strong>MOCHILA IDEAL PARA LLEVAR A TODOS LADOS CON TUS B\u00c1SICOS DEL D\u00cdA A D\u00cdA. POD\u00c9S GUARDAR CUADERNOS A4 Y MUCHAS COSAS M\u00c1S! ES MUY AMPLIA Y ENTRA DE TODO!<br \/>\nTIENE UN BOLSILLO GRANDE, CON UN BOLSILLO CON CIERRE EN SU INTERIOR Y OTRO BOLSILLO DELANTERO IDEAL PARA LLAVES O COSAS PEQUE\u00d1AS.<\/p>\n<p><strong>COMPOSICI\u00d3N<br \/>\n<\/strong>CORDURA ESTAMPADA Y TROPICAL MECANICO. 100% POLI\u00c9STER.<br \/>\nCIERRES YKK. CINTA REFORZADA.<\/p>\n<p><strong>CONSEJOS DE CUIDADO<br \/>\n<\/strong>SE PUEDEN LAVAR CON JAB\u00d3N NEUTRO A MANO O EN EL LAVARROPAS, PERO SIN DEJAR EN REMOJO.<br \/>\nDEJAR SECAR AL AIRE LIBRE, NO USAR SECARROPA NI ESCURRIR.<\/p>\n<p>&nbsp;<\/p>\n","protected":false},"excerpt":{"rendered":"<p>&nbsp;<\/p>\n<p><strong>DIMENSIONES<br \/>\n<\/strong>Alto: 32cm<br \/>\nAncho: 24cm<br \/>\nProfundidad:13cm<\/p>\n<p>&nbsp;<\/p>\n","protected":false},"featured_media":4328,"comment_status":"open","ping_status":"closed","template":"","meta":{"_monsterinsights_skip_tracking":false,"_monsterinsights_sitenote_active":false,"_monsterinsights_sitenote_note":"","_monsterinsights_sitenote_category":0,"site-sidebar-layout":"default","site-content-layout":"default","ast-main-header-display":"","ast-hfb-above-header-display":"","ast-hfb-below-header-display":"","ast-hfb-mobile-header-display":"","site-post-title":"","ast-breadcrumbs-content":"","ast-featured-img":"","footer-sml-layout":"","theme-transparent-header-meta":"default","adv-header-id-meta":"","stick-header-meta":"","header-above-stick-meta":"","header-main-stick-meta":"","header-below-stick-meta":"","spay_email":"","jetpack_publicize_message":"","jetpack_is_tweetstorm":false,"jetpack_publicize_feature_enabled":true},"product_cat":[22],"product_tag":[133,67],"class_list":["post-4153","product","type-product","status-publish","has-post-thumbnail","hentry","product_cat-mochilas","product_tag-hortensias","product_tag-mochila-m"],"aioseo_notices":[],"_links":{"self":[{"href":"https:\/\/mayorista.amuleto.com.ar\/index.php\/wp-json\/wp\/v2\/product\/4153","targetHints":{"allow":["GET"]}}],"collection":[{"href":"https:\/\/mayorista.amuleto.com.ar\/index.php\/wp-json\/wp\/v2\/product"}],"about":[{"href":"https:\/\/mayorista.amuleto.com.ar\/index.php\/wp-json\/wp\/v2\/types\/product"}],"replies":[{"embeddable":true,"href":"https:\/\/mayorista.amuleto.com.ar\/index.php\/wp-json\/wp\/v2\/comments?post=4153"}],"wp:featuredmedia":[{"embeddable":true,"href":"https:\/\/mayorista.amuleto.com.ar\/index.php\/wp-json\/wp\/v2\/media\/4328"}],"wp:attachment":[{"href":"https:\/\/mayorista.amuleto.com.ar\/index.php\/wp-json\/wp\/v2\/media?parent=4153"}],"wp:term":[{"taxonomy":"product_cat","embeddable":true,"href":"https:\/\/mayorista.amuleto.com.ar\/index.php\/wp-json\/wp\/v2\/product_cat?post=4153"},{"taxonomy":"product_tag","embeddable":true,"href":"https:\/\/mayorista.amuleto.com.ar\/index.php\/wp-json\/wp\/v2\/product_tag?post=4153"}],"curies":[{"name":"wp","href":"https:\/\/api.w.org\/{rel}","templated":true}]}}