{"id":3954,"date":"2025-01-14T16:29:05","date_gmt":"2025-01-14T16:29:05","guid":{"rendered":"https:\/\/mayorista.amuleto.com.ar\/?post_type=product&#038;p=3954"},"modified":"2026-03-20T01:33:45","modified_gmt":"2026-03-20T01:33:45","slug":"mochila-l-medusa","status":"publish","type":"product","link":"https:\/\/mayorista.amuleto.com.ar\/index.php\/product\/mochila-l-medusa\/","title":{"rendered":"Mochila L MEDUSA"},"content":{"rendered":"<p>Los productos AMULETO se caracterizan por sus estampas, dise\u00f1adas exclusivamente por nosotros y que le dan valor a nuestra marca gracias al proceso de sublimaci\u00f3n y calandrado.<\/p>\n<p>Un AMULETO es un elemento que una persona atesora y que suele llevar consigo, ya que brinda protecci\u00f3n y buena suerte. Los AMULETOS funcionan por superstici\u00f3n, las personas creemos en ellos m\u00e1s all\u00e1 de lo que diga la raz\u00f3n o la ciencia.<\/p>\n<p>Nuestros productos son objetos para atesorar, solemos llevarlo con nosotras y terminan teniendo alguna particularidad por la que nos aferramos a ellos.<\/p>\n<p>&nbsp;<\/p>\n<p><strong>CAPACIDAD<br \/>\n<\/strong>MOCHILA IDEAL PARA IR A TRABAJAR O A LA FACULTAD, LLEVA TODO LO QUE NECESITES! USALA EN LA ESPALDA COMO MOCHILA O TAMBIEN COMO MALET\u00cdN.<br \/>\nCOMPARTIMIENTO INTERIOR PARA UNA COMPUTADORA DE 15\/17&#8243;, CON ESPALDA Y BASE ACOLCHONADA PARA QUE NO SUFRA GOLPES!<br \/>\nADEM\u00c1S TIENE UN BOLSILLO INTERIOR CON CIERRE, PARA GUARDAR COSAS PEQUE\u00d1AS, Y UN BOLSILLO GRANDE EN EL FRENTE PARA GUARDAR TU CELULAR, BILLETERA Y LLAVES SIN QUE SE PIERDAN!<\/p>\n<p><strong>COMPOSICI\u00d3N<br \/>\n<\/strong>CORDURA ESTAMPADA Y TROPICAL MECANICO. 100% POLI\u00c9STER.<br \/>\nCIERRES YKK. CINTA REFORZADA.<\/p>\n<p><strong>CONSEJOS DE CUIDADO<br \/>\n<\/strong>SE PUEDEN LAVAR CON JAB\u00d3N NEUTRO A MANO O EN EL LAVARROPAS, PERO SIN DEJAR EN REMOJO.<br \/>\nDEJAR SECAR AL AIRE LIBRE, NO USAR SECARROPA NI ESCURRIR.<\/p>\n<p>&nbsp;<\/p>\n","protected":false},"excerpt":{"rendered":"<p>&nbsp;<\/p>\n<p><strong>DIMENSIONES<br \/>\n<\/strong>Alto: 39cm<br \/>\nAncho: 27cm<br \/>\nProfundidad: 14cm<\/p>\n<p>&nbsp;<\/p>\n","protected":false},"featured_media":4116,"comment_status":"open","ping_status":"closed","template":"","meta":{"_monsterinsights_skip_tracking":false,"_monsterinsights_sitenote_active":false,"_monsterinsights_sitenote_note":"","_monsterinsights_sitenote_category":0,"site-sidebar-layout":"default","site-content-layout":"default","ast-main-header-display":"","ast-hfb-above-header-display":"","ast-hfb-below-header-display":"","ast-hfb-mobile-header-display":"","site-post-title":"","ast-breadcrumbs-content":"","ast-featured-img":"","footer-sml-layout":"","theme-transparent-header-meta":"default","adv-header-id-meta":"","stick-header-meta":"","header-above-stick-meta":"","header-main-stick-meta":"","header-below-stick-meta":"","spay_email":"","jetpack_publicize_message":"","jetpack_is_tweetstorm":false,"jetpack_publicize_feature_enabled":true},"product_cat":[22],"product_tag":[108,66],"class_list":["post-3954","product","type-product","status-publish","has-post-thumbnail","hentry","product_cat-mochilas","product_tag-medusa","product_tag-mochila-l"],"aioseo_notices":[],"_links":{"self":[{"href":"https:\/\/mayorista.amuleto.com.ar\/index.php\/wp-json\/wp\/v2\/product\/3954","targetHints":{"allow":["GET"]}}],"collection":[{"href":"https:\/\/mayorista.amuleto.com.ar\/index.php\/wp-json\/wp\/v2\/product"}],"about":[{"href":"https:\/\/mayorista.amuleto.com.ar\/index.php\/wp-json\/wp\/v2\/types\/product"}],"replies":[{"embeddable":true,"href":"https:\/\/mayorista.amuleto.com.ar\/index.php\/wp-json\/wp\/v2\/comments?post=3954"}],"wp:featuredmedia":[{"embeddable":true,"href":"https:\/\/mayorista.amuleto.com.ar\/index.php\/wp-json\/wp\/v2\/media\/4116"}],"wp:attachment":[{"href":"https:\/\/mayorista.amuleto.com.ar\/index.php\/wp-json\/wp\/v2\/media?parent=3954"}],"wp:term":[{"taxonomy":"product_cat","embeddable":true,"href":"https:\/\/mayorista.amuleto.com.ar\/index.php\/wp-json\/wp\/v2\/product_cat?post=3954"},{"taxonomy":"product_tag","embeddable":true,"href":"https:\/\/mayorista.amuleto.com.ar\/index.php\/wp-json\/wp\/v2\/product_tag?post=3954"}],"curies":[{"name":"wp","href":"https:\/\/api.w.org\/{rel}","templated":true}]}}