{"id":1045,"date":"2023-03-21T18:37:57","date_gmt":"2023-03-21T18:37:57","guid":{"rendered":"https:\/\/mayorista.amuleto.com.ar\/?post_type=product&#038;p=1045"},"modified":"2026-03-10T18:11:27","modified_gmt":"2026-03-10T18:11:27","slug":"rinonera-l-cristalia","status":"publish","type":"product","link":"https:\/\/mayorista.amuleto.com.ar\/index.php\/product\/rinonera-l-cristalia\/","title":{"rendered":"Ri\u00f1onera L CRISTALIA"},"content":{"rendered":"<p>Los productos AMULETO se caracterizan por sus estampas, dise\u00f1adas exclusivamente por nosotros y que le dan valor a nuestra marca gracias al proceso de sublimaci\u00f3n y calandrado.<\/p>\n<p>Un AMULETO es un elemento que una persona atesora y que suele llevar consigo, ya que brinda protecci\u00f3n y buena suerte. Los AMULETOS funcionan por superstici\u00f3n, las personas creemos en ellos m\u00e1s all\u00e1 de lo que diga la raz\u00f3n o la ciencia.<\/p>\n<p>Nuestros productos son objetos para atesorar, solemos llevarlo con nosotras y terminan teniendo alguna particularidad por la que nos aferramos a ellos.<\/p>\n<p>&nbsp;<\/p>\n<p><strong>CAPACIDAD<br \/>\n<\/strong>ES UNA MAXI RI\u00d1ONERA, POD\u00c9S LLEVARLA CRUZADA O EN LA CINTURA. ES MUY ESPACIOSA EN EL INTERIOR, ENTRA UNA BILLETERA GRANDE, EL CELULAR, UN TARJETERO O LIBRETA PEQUE\u00d1A Y LAS LLAVES EN SU BOLSILLO DELANTERO.<br \/>\nTIENE DOS BOLSILLOS: UNO PRINCIPAL S\u00daPER AMPLIO Y UNO DELANTERO.<\/p>\n<p><strong>COMPOSICI\u00d3N<br \/>\n<\/strong>CORDURA ESTAMPADA Y SILVER NEGRO.<br \/>\nCIERRES YKK. CINTA REFORZADA.<\/p>\n<p><strong>CONSEJOS DE CUIDADO<br \/>\n<\/strong>SE PUEDEN LAVAR CON JAB\u00d3N NEUTRO A MANO O EN EL LAVARROPAS, PERO SIN DEJAR EN REMOJO.<br \/>\nDEJAR SECAR AL AIRE LIBRE, NO USAR SECARROPA NI ESCURRIR.<\/p>\n<p>&nbsp;<\/p>\n","protected":false},"excerpt":{"rendered":"<p>&nbsp;<\/p>\n<p><strong>DIMENSIONES<br \/>\n<\/strong>Alto: 15cm<br \/>\nAncho: 27cm<br \/>\nProfundidad: 8cm<\/p>\n<p>&nbsp;<\/p>\n","protected":false},"featured_media":3026,"comment_status":"open","ping_status":"closed","template":"","meta":{"_monsterinsights_skip_tracking":false,"_monsterinsights_sitenote_active":false,"_monsterinsights_sitenote_note":"","_monsterinsights_sitenote_category":0,"site-sidebar-layout":"default","site-content-layout":"default","ast-main-header-display":"","ast-hfb-above-header-display":"","ast-hfb-below-header-display":"","ast-hfb-mobile-header-display":"","site-post-title":"","ast-breadcrumbs-content":"","ast-featured-img":"","footer-sml-layout":"","theme-transparent-header-meta":"default","adv-header-id-meta":"","stick-header-meta":"","header-above-stick-meta":"","header-main-stick-meta":"","header-below-stick-meta":"","spay_email":"","jetpack_publicize_message":"","jetpack_is_tweetstorm":false,"jetpack_publicize_feature_enabled":true},"product_cat":[29,23],"product_tag":[40,103],"class_list":["post-1045","product","type-product","status-publish","has-post-thumbnail","hentry","product_cat-rinoneras","product_cat-rinoneras-y-bandoleras","product_tag-cristalia","product_tag-rinonera-l"],"aioseo_notices":[],"_links":{"self":[{"href":"https:\/\/mayorista.amuleto.com.ar\/index.php\/wp-json\/wp\/v2\/product\/1045","targetHints":{"allow":["GET"]}}],"collection":[{"href":"https:\/\/mayorista.amuleto.com.ar\/index.php\/wp-json\/wp\/v2\/product"}],"about":[{"href":"https:\/\/mayorista.amuleto.com.ar\/index.php\/wp-json\/wp\/v2\/types\/product"}],"replies":[{"embeddable":true,"href":"https:\/\/mayorista.amuleto.com.ar\/index.php\/wp-json\/wp\/v2\/comments?post=1045"}],"wp:featuredmedia":[{"embeddable":true,"href":"https:\/\/mayorista.amuleto.com.ar\/index.php\/wp-json\/wp\/v2\/media\/3026"}],"wp:attachment":[{"href":"https:\/\/mayorista.amuleto.com.ar\/index.php\/wp-json\/wp\/v2\/media?parent=1045"}],"wp:term":[{"taxonomy":"product_cat","embeddable":true,"href":"https:\/\/mayorista.amuleto.com.ar\/index.php\/wp-json\/wp\/v2\/product_cat?post=1045"},{"taxonomy":"product_tag","embeddable":true,"href":"https:\/\/mayorista.amuleto.com.ar\/index.php\/wp-json\/wp\/v2\/product_tag?post=1045"}],"curies":[{"name":"wp","href":"https:\/\/api.w.org\/{rel}","templated":true}]}}