{"id":41,"date":"2022-03-02T17:55:21","date_gmt":"2022-03-02T17:55:21","guid":{"rendered":"http:\/\/mayorista.amuleto.com.ar\/?page_id=41"},"modified":"2022-03-08T18:52:03","modified_gmt":"2022-03-08T18:52:03","slug":"quienes-somos","status":"publish","type":"page","link":"https:\/\/mayorista.amuleto.com.ar\/index.php\/quienes-somos\/","title":{"rendered":"Quienes somos"},"content":{"rendered":"\t\t<div data-elementor-type=\"wp-page\" data-elementor-id=\"41\" class=\"elementor elementor-41\">\n\t\t\t\t\t\t\t\t\t<section class=\"elementor-section elementor-top-section elementor-element elementor-element-c7b232a elementor-section-boxed elementor-section-height-default elementor-section-height-default\" data-id=\"c7b232a\" data-element_type=\"section\">\n\t\t\t\t\t\t<div class=\"elementor-container elementor-column-gap-default\">\n\t\t\t\t\t<div class=\"elementor-column elementor-col-100 elementor-top-column elementor-element elementor-element-c73e242\" data-id=\"c73e242\" data-element_type=\"column\">\n\t\t\t<div class=\"elementor-widget-wrap elementor-element-populated\">\n\t\t\t\t\t\t\t\t<div class=\"elementor-element elementor-element-88613f1 elementor-widget elementor-widget-heading\" data-id=\"88613f1\" data-element_type=\"widget\" data-widget_type=\"heading.default\">\n\t\t\t\t<div class=\"elementor-widget-container\">\n\t\t\t<style>\/*! elementor - v3.6.5 - 27-04-2022 *\/\n.elementor-heading-title{padding:0;margin:0;line-height:1}.elementor-widget-heading .elementor-heading-title[class*=elementor-size-]>a{color:inherit;font-size:inherit;line-height:inherit}.elementor-widget-heading .elementor-heading-title.elementor-size-small{font-size:15px}.elementor-widget-heading .elementor-heading-title.elementor-size-medium{font-size:19px}.elementor-widget-heading .elementor-heading-title.elementor-size-large{font-size:29px}.elementor-widget-heading .elementor-heading-title.elementor-size-xl{font-size:39px}.elementor-widget-heading .elementor-heading-title.elementor-size-xxl{font-size:59px}<\/style><h2 class=\"elementor-heading-title elementor-size-large\">\u00a1AMULETO, UN PRODUCTO PARA ATESORAR!<\/h2>\t\t<\/div>\n\t\t\t\t<\/div>\n\t\t\t\t\t<\/div>\n\t\t<\/div>\n\t\t\t\t\t\t\t<\/div>\n\t\t<\/section>\n\t\t\t\t<section class=\"elementor-section elementor-top-section elementor-element elementor-element-3bd3ea3 elementor-section-boxed elementor-section-height-default elementor-section-height-default\" data-id=\"3bd3ea3\" data-element_type=\"section\">\n\t\t\t\t\t\t<div class=\"elementor-container elementor-column-gap-default\">\n\t\t\t\t\t<div class=\"elementor-column elementor-col-100 elementor-top-column elementor-element elementor-element-9da184f\" data-id=\"9da184f\" data-element_type=\"column\">\n\t\t\t<div class=\"elementor-widget-wrap elementor-element-populated\">\n\t\t\t\t\t\t\t\t<div class=\"elementor-element elementor-element-5c54f17 elementor-widget elementor-widget-text-editor\" data-id=\"5c54f17\" data-element_type=\"widget\" data-widget_type=\"text-editor.default\">\n\t\t\t\t<div class=\"elementor-widget-container\">\n\t\t\t<style>\/*! elementor - v3.6.5 - 27-04-2022 *\/\n.elementor-widget-text-editor.elementor-drop-cap-view-stacked .elementor-drop-cap{background-color:#818a91;color:#fff}.elementor-widget-text-editor.elementor-drop-cap-view-framed .elementor-drop-cap{color:#818a91;border:3px solid;background-color:transparent}.elementor-widget-text-editor:not(.elementor-drop-cap-view-default) .elementor-drop-cap{margin-top:8px}.elementor-widget-text-editor:not(.elementor-drop-cap-view-default) .elementor-drop-cap-letter{width:1em;height:1em}.elementor-widget-text-editor .elementor-drop-cap{float:left;text-align:center;line-height:1;font-size:50px}.elementor-widget-text-editor .elementor-drop-cap-letter{display:inline-block}<\/style>\t\t\t\t<p>MI NOMBRE ES CAMILA Y EN 2019 DECID\u00cd DARLE VIDA A MIS IDEAS Y A MI PASI\u00d3N POR LOS DISE\u00d1OS.<\/p>\t\t\t\t\t\t<\/div>\n\t\t\t\t<\/div>\n\t\t\t\t\t<\/div>\n\t\t<\/div>\n\t\t\t\t\t\t\t<\/div>\n\t\t<\/section>\n\t\t\t\t<section class=\"elementor-section elementor-top-section elementor-element elementor-element-ea5b3b4 elementor-section-boxed elementor-section-height-default elementor-section-height-default\" data-id=\"ea5b3b4\" data-element_type=\"section\">\n\t\t\t\t\t\t<div class=\"elementor-container elementor-column-gap-default\">\n\t\t\t\t\t<div class=\"elementor-column elementor-col-100 elementor-top-column elementor-element elementor-element-3205242\" data-id=\"3205242\" data-element_type=\"column\">\n\t\t\t<div class=\"elementor-widget-wrap elementor-element-populated\">\n\t\t\t\t\t\t\t\t<div class=\"elementor-element elementor-element-f5b61a5 elementor-widget elementor-widget-heading\" data-id=\"f5b61a5\" data-element_type=\"widget\" data-widget_type=\"heading.default\">\n\t\t\t\t<div class=\"elementor-widget-container\">\n\t\t\t<h2 class=\"elementor-heading-title elementor-size-large\">\u00bfC\u00d3MO NACI\u00d3 AMULETO?<\/h2>\t\t<\/div>\n\t\t\t\t<\/div>\n\t\t\t\t\t<\/div>\n\t\t<\/div>\n\t\t\t\t\t\t\t<\/div>\n\t\t<\/section>\n\t\t\t\t<section class=\"elementor-section elementor-top-section elementor-element elementor-element-8cc1f07 elementor-section-boxed elementor-section-height-default elementor-section-height-default\" data-id=\"8cc1f07\" data-element_type=\"section\">\n\t\t\t\t\t\t<div class=\"elementor-container elementor-column-gap-default\">\n\t\t\t\t\t<div class=\"elementor-column elementor-col-100 elementor-top-column elementor-element elementor-element-9c1ad35\" data-id=\"9c1ad35\" data-element_type=\"column\">\n\t\t\t<div class=\"elementor-widget-wrap elementor-element-populated\">\n\t\t\t\t\t\t\t\t<div class=\"elementor-element elementor-element-8a30f33 elementor-widget elementor-widget-text-editor\" data-id=\"8a30f33\" data-element_type=\"widget\" data-widget_type=\"text-editor.default\">\n\t\t\t\t<div class=\"elementor-widget-container\">\n\t\t\t\t\t\t\t<p>DESDE CHICA SIEMPRE ME GUST\u00d3 LA ROPA, LAS VESTIMENTAS Y LOS ACCESORIOS. SI BIEN ELEG\u00cd ESTUDIAR ECONOM\u00cdA EN LA UBA, LA PASI\u00d3N POR LA MODA ME ACOMPA\u00d1A DESDE QUE TENGO USO DE MEMORIA.<br \/>MUCHOS CONCEPTOS DE MI PROFESI\u00d3N ME SIRVEN PARA EMPLEARLOS EN AMULETO, PERO M\u00c1S ME AYUDARON LOS CURSOS QUE FUI REALIZANDO EN ESTOS A\u00d1OS PARA PERFECCIONAR CADA VEZ M\u00c1S MIS PRODUCTOS.<\/p><p>EN 2017 COMENC\u00c9 A TRABAJAR EN RELACI\u00d3N DE DEPENDENCIA, PERO ME DI CUENTA QUE NADA DE ESE \u201cMUNDO\u201d ME HAC\u00cdA FELIZ. POR ESO, DECID\u00cd DARLE INICIO A UNA NUEVA ETAPA Y HACER REALMENTE LO QUE M\u00c1S ME GUSTA, SORTEANDO MIEDOS, INCERTIDUMBRES Y DESAF\u00cdOS PERO SIEMPRE CON UNA FRASE QUE ME ACOMPA\u00d1A: \u201cTODO ES POSIBLE, EN LA MEDIDA QUE T\u00da CREAS QUE ES POSIBLE\u201d.<\/p><p>AS\u00cd FUE QUE EMPEC\u00c9 A DISE\u00d1AR LOS PA\u00d1UELOS QUE HOY ME ENORGULLECEN, UN ACCESORIO \u00daTIL Y VERS\u00c1TIL QUE YO USO HACE A\u00d1OS.<\/p>\t\t\t\t\t\t<\/div>\n\t\t\t\t<\/div>\n\t\t\t\t\t<\/div>\n\t\t<\/div>\n\t\t\t\t\t\t\t<\/div>\n\t\t<\/section>\n\t\t\t\t<section class=\"elementor-section elementor-top-section elementor-element elementor-element-0aa6cff elementor-section-boxed elementor-section-height-default elementor-section-height-default\" data-id=\"0aa6cff\" data-element_type=\"section\">\n\t\t\t\t\t\t<div class=\"elementor-container elementor-column-gap-default\">\n\t\t\t\t\t<div class=\"elementor-column elementor-col-100 elementor-top-column elementor-element elementor-element-38b56b1\" data-id=\"38b56b1\" data-element_type=\"column\">\n\t\t\t<div class=\"elementor-widget-wrap elementor-element-populated\">\n\t\t\t\t\t\t\t\t<div class=\"elementor-element elementor-element-a9319b3 elementor-widget elementor-widget-heading\" data-id=\"a9319b3\" data-element_type=\"widget\" data-widget_type=\"heading.default\">\n\t\t\t\t<div class=\"elementor-widget-container\">\n\t\t\t<h2 class=\"elementor-heading-title elementor-size-large\">\u00bfPOR QU\u00c9 AMULETO?<\/h2>\t\t<\/div>\n\t\t\t\t<\/div>\n\t\t\t\t\t<\/div>\n\t\t<\/div>\n\t\t\t\t\t\t\t<\/div>\n\t\t<\/section>\n\t\t\t\t<section class=\"elementor-section elementor-top-section elementor-element elementor-element-6c6dbec elementor-section-boxed elementor-section-height-default elementor-section-height-default\" data-id=\"6c6dbec\" data-element_type=\"section\">\n\t\t\t\t\t\t<div class=\"elementor-container elementor-column-gap-default\">\n\t\t\t\t\t<div class=\"elementor-column elementor-col-100 elementor-top-column elementor-element elementor-element-af89efa\" data-id=\"af89efa\" data-element_type=\"column\">\n\t\t\t<div class=\"elementor-widget-wrap elementor-element-populated\">\n\t\t\t\t\t\t\t\t<div class=\"elementor-element elementor-element-b4e72ce elementor-widget elementor-widget-text-editor\" data-id=\"b4e72ce\" data-element_type=\"widget\" data-widget_type=\"text-editor.default\">\n\t\t\t\t<div class=\"elementor-widget-container\">\n\t\t\t\t\t\t\t<p><span style=\"color: #000000;\">PORQUE UN POCO DE BUENA SUERTE NUNCA EST\u00c1 DE M\u00c1S. NUESTRO AMULETO ABSORBE LAS ENERG\u00cdAS POSITIVAS Y ALEJA LAS NEGATIVAS. POR ESO DECIMOS QUE NUESTROS PRODUCTOS SON PARA LLEVAR CON UNO VAYAMOS ADONDE VAYAMOS, PARA QUE NOS DEN ESA SEGURIDAD DE ESTAR PROTEGIDAS TODO EL TIEMPO.<\/span><br style=\"color: #000000;\" \/><br style=\"color: #000000;\" \/><span style=\"color: #000000;\">TODAS LAS ESTAMPAS SON \u00daNICAS, DISE\u00d1ADAS POR M\u00cd. ESTE PROCESO LLEVA D\u00cdAS E INCLUSO SEMANAS DE PRODUCCI\u00d3N, REALIZANDO MODIFICACIONES HASTA QUE QUEDEN TAL Y COMO LOS IMAGIN\u00c9 EN UN PRIMER MOMENTO. TODOS LOS DISE\u00d1OS SON PENSADOS EN USTEDES, NUESTROS CLIENTES, PARA QUE CUANDO LO TENGAN\u00a0<\/span><span style=\"color: #000000; font-size: 1rem;\">EN SU MANO SE SIENTAN PROTEGIDOS CON NUESTRO AMULETO.<\/span><\/p>\t\t\t\t\t\t<\/div>\n\t\t\t\t<\/div>\n\t\t\t\t\t<\/div>\n\t\t<\/div>\n\t\t\t\t\t\t\t<\/div>\n\t\t<\/section>\n\t\t\t\t<section class=\"elementor-section elementor-top-section elementor-element elementor-element-b488526 elementor-section-boxed elementor-section-height-default elementor-section-height-default\" data-id=\"b488526\" data-element_type=\"section\">\n\t\t\t\t\t\t<div class=\"elementor-container elementor-column-gap-default\">\n\t\t\t\t\t<div class=\"elementor-column elementor-col-100 elementor-top-column elementor-element elementor-element-a065243\" data-id=\"a065243\" data-element_type=\"column\">\n\t\t\t<div class=\"elementor-widget-wrap elementor-element-populated\">\n\t\t\t\t\t\t\t\t<div class=\"elementor-element elementor-element-2085926 elementor-widget elementor-widget-heading\" data-id=\"2085926\" data-element_type=\"widget\" data-widget_type=\"heading.default\">\n\t\t\t\t<div class=\"elementor-widget-container\">\n\t\t\t<h2 class=\"elementor-heading-title elementor-size-large\">tama\u00f1os<\/h2>\t\t<\/div>\n\t\t\t\t<\/div>\n\t\t\t\t\t<\/div>\n\t\t<\/div>\n\t\t\t\t\t\t\t<\/div>\n\t\t<\/section>\n\t\t\t\t<section class=\"elementor-section elementor-top-section elementor-element elementor-element-e0a02e6 elementor-section-boxed elementor-section-height-default elementor-section-height-default\" data-id=\"e0a02e6\" data-element_type=\"section\">\n\t\t\t\t\t\t<div class=\"elementor-container elementor-column-gap-default\">\n\t\t\t\t\t<div class=\"elementor-column elementor-col-100 elementor-top-column elementor-element elementor-element-809fea6\" data-id=\"809fea6\" data-element_type=\"column\">\n\t\t\t<div class=\"elementor-widget-wrap elementor-element-populated\">\n\t\t\t\t\t\t\t\t<div class=\"elementor-element elementor-element-0e1e20d elementor-widget elementor-widget-text-editor\" data-id=\"0e1e20d\" data-element_type=\"widget\" data-widget_type=\"text-editor.default\">\n\t\t\t\t<div class=\"elementor-widget-container\">\n\t\t\t\t\t\t\t<p><span style=\"color: #000000;\">CADA PA\u00d1UELO SE PRESENTA EN DOS TAMA\u00d1OS: MEDIUM, DE 50\u00d750; Y LARGE, DE 75\u00d775. CADA AMULETO SE PUEDE USAR DE DIVERSAS MANERAS M\u00c1S ALL\u00c1 DE LA CL\u00c1SICA EN EL CUELLO: EN LA CARTERA O LA MU\u00d1ECA, EN EL TOBILLO O COMO VINCHA, DE CINTUR\u00d3N O COMO TURBANTE\u2026\u00a1DALE A AMULETO EL USO QUE VOS QUIERAS!<\/span><br style=\"color: #000000;\" \/><br style=\"color: #000000;\" \/><span style=\"color: #000000;\">POR ESO PIENSO EN CADA UNA DE USTEDES Y D\u00cdA A D\u00cdA BUSCO LA MANERA DE INNOVAR, YA SEA EN LOS TAMA\u00d1OS, LOS DISE\u00d1OS O EN CREAR NUEVOS PRODUCTOS.<\/span><\/p>\t\t\t\t\t\t<\/div>\n\t\t\t\t<\/div>\n\t\t\t\t\t<\/div>\n\t\t<\/div>\n\t\t\t\t\t\t\t<\/div>\n\t\t<\/section>\n\t\t\t\t<section class=\"elementor-section elementor-top-section elementor-element elementor-element-0db5a10 elementor-section-boxed elementor-section-height-default elementor-section-height-default\" data-id=\"0db5a10\" data-element_type=\"section\">\n\t\t\t\t\t\t<div class=\"elementor-container elementor-column-gap-default\">\n\t\t\t\t\t<div class=\"elementor-column elementor-col-100 elementor-top-column elementor-element elementor-element-324b732\" data-id=\"324b732\" data-element_type=\"column\">\n\t\t\t<div class=\"elementor-widget-wrap elementor-element-populated\">\n\t\t\t\t\t\t\t\t<div class=\"elementor-element elementor-element-6016a28 elementor-widget elementor-widget-heading\" data-id=\"6016a28\" data-element_type=\"widget\" data-widget_type=\"heading.default\">\n\t\t\t\t<div class=\"elementor-widget-container\">\n\t\t\t<h2 class=\"elementor-heading-title elementor-size-large\"><span style=\"color: rgb(0, 0, 0); font-size: 2.5rem; font-weight: 400; white-space: normal;\">\u00a1GRACIAS POR ELEGIRNOS Y ACOMPA\u00d1ARNOS EN NUESTRO CAMINO!<\/span><\/h2>\t\t<\/div>\n\t\t\t\t<\/div>\n\t\t\t\t\t<\/div>\n\t\t<\/div>\n\t\t\t\t\t\t\t<\/div>\n\t\t<\/section>\n\t\t\t\t\t\t\t<\/div>\n\t\t","protected":false},"excerpt":{"rendered":"<p>\u00a1AMULETO, UN PRODUCTO PARA ATESORAR! MI NOMBRE ES CAMILA Y EN 2019 DECID\u00cd DARLE VIDA A MIS IDEAS Y A MI PASI\u00d3N POR LOS DISE\u00d1OS. \u00bfC\u00d3MO NACI\u00d3 AMULETO? DESDE CHICA SIEMPRE ME GUST\u00d3 LA ROPA, LAS VESTIMENTAS Y LOS ACCESORIOS. SI BIEN ELEG\u00cd ESTUDIAR ECONOM\u00cdA EN LA UBA, LA PASI\u00d3N POR LA MODA ME ACOMPA\u00d1A &hellip;<\/p>\n<p class=\"read-more\"> <a class=\"\" href=\"https:\/\/mayorista.amuleto.com.ar\/index.php\/quienes-somos\/\"> <span class=\"screen-reader-text\">Quienes somos<\/span> Leer m\u00e1s &raquo;<\/a><\/p>\n","protected":false},"author":1,"featured_media":0,"parent":0,"menu_order":0,"comment_status":"closed","ping_status":"closed","template":"","meta":{"_monsterinsights_skip_tracking":false,"_monsterinsights_sitenote_active":false,"_monsterinsights_sitenote_note":"","_monsterinsights_sitenote_category":0,"site-sidebar-layout":"no-sidebar","site-content-layout":"page-builder","ast-main-header-display":"","ast-hfb-above-header-display":"","ast-hfb-below-header-display":"","ast-hfb-mobile-header-display":"","site-post-title":"disabled","ast-breadcrumbs-content":"","ast-featured-img":"disabled","footer-sml-layout":"","theme-transparent-header-meta":"","adv-header-id-meta":"","stick-header-meta":"","header-above-stick-meta":"","header-main-stick-meta":"","header-below-stick-meta":"","spay_email":"","footnotes":""},"class_list":["post-41","page","type-page","status-publish","hentry"],"aioseo_notices":[],"_links":{"self":[{"href":"https:\/\/mayorista.amuleto.com.ar\/index.php\/wp-json\/wp\/v2\/pages\/41","targetHints":{"allow":["GET"]}}],"collection":[{"href":"https:\/\/mayorista.amuleto.com.ar\/index.php\/wp-json\/wp\/v2\/pages"}],"about":[{"href":"https:\/\/mayorista.amuleto.com.ar\/index.php\/wp-json\/wp\/v2\/types\/page"}],"author":[{"embeddable":true,"href":"https:\/\/mayorista.amuleto.com.ar\/index.php\/wp-json\/wp\/v2\/users\/1"}],"replies":[{"embeddable":true,"href":"https:\/\/mayorista.amuleto.com.ar\/index.php\/wp-json\/wp\/v2\/comments?post=41"}],"version-history":[{"count":4,"href":"https:\/\/mayorista.amuleto.com.ar\/index.php\/wp-json\/wp\/v2\/pages\/41\/revisions"}],"predecessor-version":[{"id":92,"href":"https:\/\/mayorista.amuleto.com.ar\/index.php\/wp-json\/wp\/v2\/pages\/41\/revisions\/92"}],"wp:attachment":[{"href":"https:\/\/mayorista.amuleto.com.ar\/index.php\/wp-json\/wp\/v2\/media?parent=41"}],"curies":[{"name":"wp","href":"https:\/\/api.w.org\/{rel}","templated":true}]}}